{"id":433,"date":"2018-05-15T16:58:40","date_gmt":"2018-05-15T16:58:40","guid":{"rendered":"http:\/\/juditmasco.es\/?page_id=433"},"modified":"2018-05-16T10:54:45","modified_gmt":"2018-05-16T10:54:45","slug":"aviso-legal","status":"publish","type":"page","link":"https:\/\/juditmasco.es\/en\/aviso-legal\/","title":{"rendered":"Aviso Legal"},"content":{"rendered":"<h3>1. Informaci\u00f3n Corporativa:<\/h3>\n<p>El titular de esta p\u00e1gina web es PROJECTE-FASHION, S.L., con domicilio en 08022 Barcelona, c\/ Lle\u00f3XIII, n\u00fam. 27 y NIF B-60-671179.<\/p>\n<p align=\"JUSTIFY\">Se halla inscrita en el Registro Mercantil de Barcelona, al Tomo 27539, folio 10, hoja B-118881.<\/p>\n<h3>2. Protecci\u00f3n de Contenidos:<\/h3>\n<p align=\"JUSTIFY\">Todo el contenido de la presente p\u00e1gina Web, incluidos los textos, marcas, signos distintivos, logotipos, im\u00e1genes, gr\u00e1ficos y dise\u00f1os, son propiedad de PROJECTE-FASHION, S.L. o de sus licenciantes y est\u00e1n protegidos por la legislaci\u00f3n vigente en materia de Propiedad Intelectual.<\/p>\n<p align=\"JUSTIFY\">En ning\u00fan caso el acceso a la p\u00e1gina por parte del usuario le otorga derecho sobre dicho contenido, ni siquiera para su mera reproducci\u00f3n para uso personal, salvo que expresamente se indique lo contrario.<\/p>\n<h3>3.- Enlaces a Otros Sitios Web \/ Hiperv\u00ednculos \/ Otros Contenidos<\/h3>\n<p align=\"JUSTIFY\">En el presente Sitio Web se utilizan hiperv\u00ednculos que permitan un v\u00ednculo o enlace con otras pa\u0301ginas o sitios web. PROJECTE-FASHION, S.L. no se responsabiliza ni del contenido ni de las medidas de seguridad adoptadas por cualquier otra p\u00e1gina o sitio web a trav\u00e9s del cual se tiene acceso desde el presente Sitio Web o bien que permita un v\u00ednculo o enlace con este Sitio Web, sitios a los que accede el interesado bajo su exclusiva responsabilidad.<\/p>\n<p align=\"JUSTIFY\">Tampoco se garantiza la ausencia de virus u otros elementos de los contenidos enlazados desde el Sitio Web de PROJECTE-FASHION, S.L. que puedan producir alteraciones en el sistema inform\u00e1tico (hardware y software) en los documentos o los ficheros del Usuario, excluyendo asimismo a PROJECTE-FASHION, S.L. de cualquier responsabilidad derivada de los da\u00f1os de cualquier\u00a0 \u00edndole ocasionados por todo lo anterior.<\/p>\n<p align=\"JUSTIFY\">PROJECTE-FASHION, S.L. proporciona contenidos relacionados y\/o que puedan resultar interesantes para el usuario. Para ello, podr\u00e1 utilizar distintas fuentes p\u00fablicas. Cuando el contenido utilizado est\u00e9 visiblemente protegido por copyright, se citar\u00e1, en cualquier caso la fuente. En ning\u00fan caso PROJECTE-FASHION, S.L. se hace responsable de la exactitud, actualizaci\u00f3n ni opiniones o teor\u00edas versadas en dichos contenidos cuando no sean elaborados personalmente.<\/p>\n<h3>4.- Pol\u00edtica de privacidad<\/h3>\n<p>Salvo lo establecido en el apartado <a title=\"Pol\u00edtica de Cookies\" style=\"color:#000;\" href=\"http:\/\/juditmasco.es\/politica-de-cookies\/\" target=\"_blank\">Pol\u00edtica de cookies<\/a>, esta p\u00e1gina web no recoge ning\u00fan tipo de datos de los usuarios, ni personales ni de otro tipo.<\/p>\n<style type=\"text\/css\"><!--\nP { margin-bottom: 0.21cm; }\n--><\/style>\n<p>&nbsp;<\/p>\n","protected":false},"excerpt":{"rendered":"<p>1. Informaci\u00f3n Corporativa: El titular de esta p\u00e1gina web es PROJECTE-FASHION, S.L., con domicilio en 08022 Barcelona, c\/ Lle\u00f3XIII, n\u00fam. 27 y NIF B-60-671179. Se halla inscrita en el Registro Mercantil de Barcelona, al Tomo 27539, folio 10, hoja B-118881. 2. Protecci\u00f3n de Contenidos: Todo el contenido de la presente p\u00e1gina Web, incluidos los textos, [&hellip;]<\/p>\n","protected":false},"author":1,"featured_media":0,"parent":0,"menu_order":0,"comment_status":"closed","ping_status":"closed","template":"","meta":[],"yoast_head":"<!-- This site is optimized with the Yoast SEO plugin v20.10 - https:\/\/yoast.com\/wordpress\/plugins\/seo\/ -->\n<title>Aviso Legal - Judit Masc\u00f3<\/title>\n<meta name=\"robots\" content=\"index, follow, max-snippet:-1, max-image-preview:large, max-video-preview:-1\" \/>\n<link rel=\"canonical\" href=\"https:\/\/juditmasco.es\/en\/aviso-legal\/\" \/>\n<meta property=\"og:locale\" content=\"en_US\" \/>\n<meta property=\"og:type\" content=\"article\" \/>\n<meta property=\"og:title\" content=\"Aviso Legal - Judit Masc\u00f3\" \/>\n<meta property=\"og:description\" content=\"1. Informaci\u00f3n Corporativa: El titular de esta p\u00e1gina web es PROJECTE-FASHION, S.L., con domicilio en 08022 Barcelona, c\/ Lle\u00f3XIII, n\u00fam. 27 y NIF B-60-671179. Se halla inscrita en el Registro Mercantil de Barcelona, al Tomo 27539, folio 10, hoja B-118881. 2. Protecci\u00f3n de Contenidos: Todo el contenido de la presente p\u00e1gina Web, incluidos los textos, [&hellip;]\" \/>\n<meta property=\"og:url\" content=\"https:\/\/juditmasco.es\/en\/aviso-legal\/\" \/>\n<meta property=\"og:site_name\" content=\"Judit Masc\u00f3\" \/>\n<meta property=\"article:modified_time\" content=\"2018-05-16T10:54:45+00:00\" \/>\n<meta name=\"twitter:card\" content=\"summary_large_image\" \/>\n<meta name=\"twitter:label1\" content=\"Est. reading time\" \/>\n\t<meta name=\"twitter:data1\" content=\"2 minutes\" \/>\n<script type=\"application\/ld+json\" class=\"yoast-schema-graph\">{\"@context\":\"https:\/\/schema.org\",\"@graph\":[{\"@type\":\"WebPage\",\"@id\":\"https:\/\/juditmasco.es\/en\/aviso-legal\/\",\"url\":\"https:\/\/juditmasco.es\/en\/aviso-legal\/\",\"name\":\"Aviso Legal - Judit Masc\u00f3\",\"isPartOf\":{\"@id\":\"http:\/\/juditmasco.es\/#website\"},\"datePublished\":\"2018-05-15T16:58:40+00:00\",\"dateModified\":\"2018-05-16T10:54:45+00:00\",\"breadcrumb\":{\"@id\":\"https:\/\/juditmasco.es\/en\/aviso-legal\/#breadcrumb\"},\"inLanguage\":\"en-US\",\"potentialAction\":[{\"@type\":\"ReadAction\",\"target\":[\"https:\/\/juditmasco.es\/en\/aviso-legal\/\"]}]},{\"@type\":\"BreadcrumbList\",\"@id\":\"https:\/\/juditmasco.es\/en\/aviso-legal\/#breadcrumb\",\"itemListElement\":[{\"@type\":\"ListItem\",\"position\":1,\"name\":\"Portada\",\"item\":\"https:\/\/juditmasco.es\/en\/\"},{\"@type\":\"ListItem\",\"position\":2,\"name\":\"Aviso Legal\"}]},{\"@type\":\"WebSite\",\"@id\":\"http:\/\/juditmasco.es\/#website\",\"url\":\"http:\/\/juditmasco.es\/\",\"name\":\"Judit Masc\u00f3\",\"description\":\"Modelo\",\"potentialAction\":[{\"@type\":\"SearchAction\",\"target\":{\"@type\":\"EntryPoint\",\"urlTemplate\":\"http:\/\/juditmasco.es\/?s={search_term_string}\"},\"query-input\":\"required name=search_term_string\"}],\"inLanguage\":\"en-US\"}]}<\/script>\n<!-- \/ Yoast SEO plugin. -->","yoast_head_json":{"title":"Aviso Legal - Judit Masc\u00f3","robots":{"index":"index","follow":"follow","max-snippet":"max-snippet:-1","max-image-preview":"max-image-preview:large","max-video-preview":"max-video-preview:-1"},"canonical":"https:\/\/juditmasco.es\/en\/aviso-legal\/","og_locale":"en_US","og_type":"article","og_title":"Aviso Legal - Judit Masc\u00f3","og_description":"1. Informaci\u00f3n Corporativa: El titular de esta p\u00e1gina web es PROJECTE-FASHION, S.L., con domicilio en 08022 Barcelona, c\/ Lle\u00f3XIII, n\u00fam. 27 y NIF B-60-671179. Se halla inscrita en el Registro Mercantil de Barcelona, al Tomo 27539, folio 10, hoja B-118881. 2. Protecci\u00f3n de Contenidos: Todo el contenido de la presente p\u00e1gina Web, incluidos los textos, [&hellip;]","og_url":"https:\/\/juditmasco.es\/en\/aviso-legal\/","og_site_name":"Judit Masc\u00f3","article_modified_time":"2018-05-16T10:54:45+00:00","twitter_card":"summary_large_image","twitter_misc":{"Est. reading time":"2 minutes"},"schema":{"@context":"https:\/\/schema.org","@graph":[{"@type":"WebPage","@id":"https:\/\/juditmasco.es\/en\/aviso-legal\/","url":"https:\/\/juditmasco.es\/en\/aviso-legal\/","name":"Aviso Legal - Judit Masc\u00f3","isPartOf":{"@id":"http:\/\/juditmasco.es\/#website"},"datePublished":"2018-05-15T16:58:40+00:00","dateModified":"2018-05-16T10:54:45+00:00","breadcrumb":{"@id":"https:\/\/juditmasco.es\/en\/aviso-legal\/#breadcrumb"},"inLanguage":"en-US","potentialAction":[{"@type":"ReadAction","target":["https:\/\/juditmasco.es\/en\/aviso-legal\/"]}]},{"@type":"BreadcrumbList","@id":"https:\/\/juditmasco.es\/en\/aviso-legal\/#breadcrumb","itemListElement":[{"@type":"ListItem","position":1,"name":"Portada","item":"https:\/\/juditmasco.es\/en\/"},{"@type":"ListItem","position":2,"name":"Aviso Legal"}]},{"@type":"WebSite","@id":"http:\/\/juditmasco.es\/#website","url":"http:\/\/juditmasco.es\/","name":"Judit Masc\u00f3","description":"Modelo","potentialAction":[{"@type":"SearchAction","target":{"@type":"EntryPoint","urlTemplate":"http:\/\/juditmasco.es\/?s={search_term_string}"},"query-input":"required name=search_term_string"}],"inLanguage":"en-US"}]}},"_links":{"self":[{"href":"https:\/\/juditmasco.es\/en\/wp-json\/wp\/v2\/pages\/433"}],"collection":[{"href":"https:\/\/juditmasco.es\/en\/wp-json\/wp\/v2\/pages"}],"about":[{"href":"https:\/\/juditmasco.es\/en\/wp-json\/wp\/v2\/types\/page"}],"author":[{"embeddable":true,"href":"https:\/\/juditmasco.es\/en\/wp-json\/wp\/v2\/users\/1"}],"replies":[{"embeddable":true,"href":"https:\/\/juditmasco.es\/en\/wp-json\/wp\/v2\/comments?post=433"}],"version-history":[{"count":1,"href":"https:\/\/juditmasco.es\/en\/wp-json\/wp\/v2\/pages\/433\/revisions"}],"predecessor-version":[{"id":439,"href":"https:\/\/juditmasco.es\/en\/wp-json\/wp\/v2\/pages\/433\/revisions\/439"}],"wp:attachment":[{"href":"https:\/\/juditmasco.es\/en\/wp-json\/wp\/v2\/media?parent=433"}],"curies":[{"name":"wp","href":"https:\/\/api.w.org\/{rel}","templated":true}]}}