{"id":271,"date":"2014-03-04T12:24:36","date_gmt":"2014-03-04T12:24:36","guid":{"rendered":"http:\/\/juditmasco.es\/?page_id=271"},"modified":"2018-01-22T16:40:49","modified_gmt":"2018-01-22T16:40:49","slug":"contacte","status":"publish","type":"page","link":"https:\/\/juditmasco.es\/ca\/contacte\/","title":{"rendered":"Contacte"},"content":{"rendered":"<div style=\"float: left; text-align: left !important; padding: 5%; line-height: 22px;\"><span style=\"font-weight: 700 !important;\">Barcelona<\/span><br \/>\nDirectora: Beatriz Santamar\u00eda<br \/>\nSan El\u00edas 29-35, Esc A, 6 piso 4 puerta<br \/>\n08006 Barcelona<br \/>\nTel: +34 93 487 90 70<br \/>\nFax: +34 93 272 02 42<br \/>\ne-mail: <a title=\"bsantamaria@ssm-pm.com\" href=\"mailto:bsantamaria@ssm-pm.com\">bsantamaria@ssm-pm.com<\/a><\/div>\n<div style=\"float: left; text-align: left !important; padding: 5%; line-height: 22px;\"><span style=\"font-weight: 700 !important;\">Madrid<\/span><br \/>\nDirectora: Menc\u00eda del Alc\u00e1zar<br \/>\nPadilla 82 (Entrada Por Callej\u00f3n De Montesa, 43)<br \/>\n28006 Madrid<br \/>\nTel: +34 91 561 20 43<br \/>\nFax: +34 91 745 05 19<br \/>\ne-mail: <a title=\"malcazar@ssm-pm.com\" href=\"mailto:malcazar@ssm-pm.com\">malcazar@ssm-pm.com<\/a><\/div>\n<div style=\"float: left; clear:both; text-align: left !important; padding: 2% 5%; line-height: 22px; letter-spacing:20px;\" class=\"jm-social-cont\">\n<a href=\"http:\/\/instagram.com\/juditmasco\" target=\"_blank\"><i class=\"fa fa-instagram fa-2x\"><\/i><\/a> <a href=\"https:\/\/www.facebook.com\/pages\/Judit-Masco\/163628790360632\" target=\"_blank\" ><i class=\"fa fa-facebook fa-2x\"><\/i><\/a> <a href=\"https:\/\/twitter.com\/juditmasco\"  target=\"_blank\"><i class=\"fa fa-twitter fa-2x\"><\/i><\/a> <a href=\"http:\/\/juditmasco.tumblr.com\/\" target=\"_blank\"><i class=\"fa fa-tumblr fa-2x\"><\/i><\/a>\n<\/div>\n","protected":false},"excerpt":{"rendered":"<p>Barcelona Directora: Beatriz Santamar\u00eda San El\u00edas 29-35, Esc A, 6 piso 4 puerta 08006 Barcelona Tel: +34 93 487 90 70 Fax: +34 93 272 02 42 e-mail: bsantamaria@ssm-pm.com Madrid Directora: Menc\u00eda del Alc\u00e1zar Padilla 82 (Entrada Por Callej\u00f3n De Montesa, 43) 28006 Madrid Tel: +34 91 561 20 43 Fax: +34 91 745 05 [&hellip;]<\/p>\n","protected":false},"author":1,"featured_media":0,"parent":0,"menu_order":0,"comment_status":"open","ping_status":"open","template":"contacto.php","meta":[],"yoast_head":"<!-- This site is optimized with the Yoast SEO plugin v20.10 - https:\/\/yoast.com\/wordpress\/plugins\/seo\/ -->\n<title>Contacte - Judit Masc\u00f3<\/title>\n<meta name=\"robots\" content=\"index, follow, max-snippet:-1, max-image-preview:large, max-video-preview:-1\" \/>\n<link rel=\"canonical\" href=\"https:\/\/juditmasco.es\/ca\/contacte\/\" \/>\n<meta property=\"og:locale\" content=\"ca_ES\" \/>\n<meta property=\"og:type\" content=\"article\" \/>\n<meta property=\"og:title\" content=\"Contacte - Judit Masc\u00f3\" \/>\n<meta property=\"og:description\" content=\"Barcelona Directora: Beatriz Santamar\u00eda San El\u00edas 29-35, Esc A, 6 piso 4 puerta 08006 Barcelona Tel: +34 93 487 90 70 Fax: +34 93 272 02 42 e-mail: bsantamaria@ssm-pm.com Madrid Directora: Menc\u00eda del Alc\u00e1zar Padilla 82 (Entrada Por Callej\u00f3n De Montesa, 43) 28006 Madrid Tel: +34 91 561 20 43 Fax: +34 91 745 05 [&hellip;]\" \/>\n<meta property=\"og:url\" content=\"https:\/\/juditmasco.es\/ca\/contacte\/\" \/>\n<meta property=\"og:site_name\" content=\"Judit Masc\u00f3\" \/>\n<meta property=\"article:modified_time\" content=\"2018-01-22T16:40:49+00:00\" \/>\n<meta name=\"twitter:card\" content=\"summary_large_image\" \/>\n<script type=\"application\/ld+json\" class=\"yoast-schema-graph\">{\"@context\":\"https:\/\/schema.org\",\"@graph\":[{\"@type\":\"WebPage\",\"@id\":\"https:\/\/juditmasco.es\/ca\/contacte\/\",\"url\":\"https:\/\/juditmasco.es\/ca\/contacte\/\",\"name\":\"Contacte - Judit Masc\u00f3\",\"isPartOf\":{\"@id\":\"http:\/\/juditmasco.es\/#website\"},\"datePublished\":\"2014-03-04T12:24:36+00:00\",\"dateModified\":\"2018-01-22T16:40:49+00:00\",\"breadcrumb\":{\"@id\":\"https:\/\/juditmasco.es\/ca\/contacte\/#breadcrumb\"},\"inLanguage\":\"ca\",\"potentialAction\":[{\"@type\":\"ReadAction\",\"target\":[\"https:\/\/juditmasco.es\/ca\/contacte\/\"]}]},{\"@type\":\"BreadcrumbList\",\"@id\":\"https:\/\/juditmasco.es\/ca\/contacte\/#breadcrumb\",\"itemListElement\":[{\"@type\":\"ListItem\",\"position\":1,\"name\":\"Portada\",\"item\":\"https:\/\/juditmasco.es\/ca\/\"},{\"@type\":\"ListItem\",\"position\":2,\"name\":\"Contacte\"}]},{\"@type\":\"WebSite\",\"@id\":\"http:\/\/juditmasco.es\/#website\",\"url\":\"http:\/\/juditmasco.es\/\",\"name\":\"Judit Masc\u00f3\",\"description\":\"Modelo\",\"potentialAction\":[{\"@type\":\"SearchAction\",\"target\":{\"@type\":\"EntryPoint\",\"urlTemplate\":\"http:\/\/juditmasco.es\/?s={search_term_string}\"},\"query-input\":\"required name=search_term_string\"}],\"inLanguage\":\"ca\"}]}<\/script>\n<!-- \/ Yoast SEO plugin. -->","yoast_head_json":{"title":"Contacte - Judit Masc\u00f3","robots":{"index":"index","follow":"follow","max-snippet":"max-snippet:-1","max-image-preview":"max-image-preview:large","max-video-preview":"max-video-preview:-1"},"canonical":"https:\/\/juditmasco.es\/ca\/contacte\/","og_locale":"ca_ES","og_type":"article","og_title":"Contacte - Judit Masc\u00f3","og_description":"Barcelona Directora: Beatriz Santamar\u00eda San El\u00edas 29-35, Esc A, 6 piso 4 puerta 08006 Barcelona Tel: +34 93 487 90 70 Fax: +34 93 272 02 42 e-mail: bsantamaria@ssm-pm.com Madrid Directora: Menc\u00eda del Alc\u00e1zar Padilla 82 (Entrada Por Callej\u00f3n De Montesa, 43) 28006 Madrid Tel: +34 91 561 20 43 Fax: +34 91 745 05 [&hellip;]","og_url":"https:\/\/juditmasco.es\/ca\/contacte\/","og_site_name":"Judit Masc\u00f3","article_modified_time":"2018-01-22T16:40:49+00:00","twitter_card":"summary_large_image","schema":{"@context":"https:\/\/schema.org","@graph":[{"@type":"WebPage","@id":"https:\/\/juditmasco.es\/ca\/contacte\/","url":"https:\/\/juditmasco.es\/ca\/contacte\/","name":"Contacte - Judit Masc\u00f3","isPartOf":{"@id":"http:\/\/juditmasco.es\/#website"},"datePublished":"2014-03-04T12:24:36+00:00","dateModified":"2018-01-22T16:40:49+00:00","breadcrumb":{"@id":"https:\/\/juditmasco.es\/ca\/contacte\/#breadcrumb"},"inLanguage":"ca","potentialAction":[{"@type":"ReadAction","target":["https:\/\/juditmasco.es\/ca\/contacte\/"]}]},{"@type":"BreadcrumbList","@id":"https:\/\/juditmasco.es\/ca\/contacte\/#breadcrumb","itemListElement":[{"@type":"ListItem","position":1,"name":"Portada","item":"https:\/\/juditmasco.es\/ca\/"},{"@type":"ListItem","position":2,"name":"Contacte"}]},{"@type":"WebSite","@id":"http:\/\/juditmasco.es\/#website","url":"http:\/\/juditmasco.es\/","name":"Judit Masc\u00f3","description":"Modelo","potentialAction":[{"@type":"SearchAction","target":{"@type":"EntryPoint","urlTemplate":"http:\/\/juditmasco.es\/?s={search_term_string}"},"query-input":"required name=search_term_string"}],"inLanguage":"ca"}]}},"_links":{"self":[{"href":"https:\/\/juditmasco.es\/ca\/wp-json\/wp\/v2\/pages\/271"}],"collection":[{"href":"https:\/\/juditmasco.es\/ca\/wp-json\/wp\/v2\/pages"}],"about":[{"href":"https:\/\/juditmasco.es\/ca\/wp-json\/wp\/v2\/types\/page"}],"author":[{"embeddable":true,"href":"https:\/\/juditmasco.es\/ca\/wp-json\/wp\/v2\/users\/1"}],"replies":[{"embeddable":true,"href":"https:\/\/juditmasco.es\/ca\/wp-json\/wp\/v2\/comments?post=271"}],"version-history":[{"count":4,"href":"https:\/\/juditmasco.es\/ca\/wp-json\/wp\/v2\/pages\/271\/revisions"}],"predecessor-version":[{"id":418,"href":"https:\/\/juditmasco.es\/ca\/wp-json\/wp\/v2\/pages\/271\/revisions\/418"}],"wp:attachment":[{"href":"https:\/\/juditmasco.es\/ca\/wp-json\/wp\/v2\/media?parent=271"}],"curies":[{"name":"wp","href":"https:\/\/api.w.org\/{rel}","templated":true}]}}